{"id":39,"date":"2018-05-14T10:22:47","date_gmt":"2018-05-14T10:22:47","guid":{"rendered":"https:\/\/atyourdoor.pt\/index.php\/contact\/"},"modified":"2022-07-12T17:46:06","modified_gmt":"2022-07-12T17:46:06","slug":"contacto","status":"publish","type":"page","link":"https:\/\/atyourdoor.pt\/index.php\/contacto\/","title":{"rendered":"Empresas e Eventos"},"content":{"rendered":"\t\t<div data-elementor-type=\"wp-post\" data-elementor-id=\"39\" class=\"elementor elementor-39\">\n\t\t\t\t\t\t\t\t\t<section class=\"elementor-section elementor-top-section elementor-element elementor-element-19113c9a elementor-section-content-bottom elementor-section-boxed elementor-section-height-default elementor-section-height-default\" data-id=\"19113c9a\" data-element_type=\"section\" data-settings=\"{&quot;background_background&quot;:&quot;classic&quot;}\">\n\t\t\t\t\t\t\t<div class=\"elementor-background-overlay\"><\/div>\n\t\t\t\t\t\t\t<div class=\"elementor-container elementor-column-gap-no\">\n\t\t\t\t\t<div class=\"elementor-column elementor-col-100 elementor-top-column elementor-element elementor-element-4cc09024\" data-id=\"4cc09024\" data-element_type=\"column\">\n\t\t\t<div class=\"elementor-widget-wrap elementor-element-populated\">\n\t\t\t\t\t\t\t\t<div class=\"elementor-element elementor-element-55f2f2ac elementor-widget elementor-widget-heading\" data-id=\"55f2f2ac\" data-element_type=\"widget\" data-widget_type=\"heading.default\">\n\t\t\t\t<div class=\"elementor-widget-container\">\n\t\t\t<style>\/*! elementor - v3.6.5 - 27-04-2022 *\/\n.elementor-heading-title{padding:0;margin:0;line-height:1}.elementor-widget-heading .elementor-heading-title[class*=elementor-size-]>a{color:inherit;font-size:inherit;line-height:inherit}.elementor-widget-heading .elementor-heading-title.elementor-size-small{font-size:15px}.elementor-widget-heading .elementor-heading-title.elementor-size-medium{font-size:19px}.elementor-widget-heading .elementor-heading-title.elementor-size-large{font-size:29px}.elementor-widget-heading .elementor-heading-title.elementor-size-xl{font-size:39px}.elementor-widget-heading .elementor-heading-title.elementor-size-xxl{font-size:59px}<\/style><h1 class=\"elementor-heading-title elementor-size-default\">Empresas & Eventos<\/h1>\t\t<\/div>\n\t\t\t\t<\/div>\n\t\t\t\t<div class=\"elementor-element elementor-element-23448f4e elementor-widget-divider--view-line elementor-widget elementor-widget-divider\" data-id=\"23448f4e\" data-element_type=\"widget\" data-widget_type=\"divider.default\">\n\t\t\t\t<div class=\"elementor-widget-container\">\n\t\t\t<style>\/*! elementor - v3.6.5 - 27-04-2022 *\/\n.elementor-widget-divider{--divider-border-style:none;--divider-border-width:1px;--divider-color:#2c2c2c;--divider-icon-size:20px;--divider-element-spacing:10px;--divider-pattern-height:24px;--divider-pattern-size:20px;--divider-pattern-url:none;--divider-pattern-repeat:repeat-x}.elementor-widget-divider .elementor-divider{display:-webkit-box;display:-ms-flexbox;display:flex}.elementor-widget-divider .elementor-divider__text{font-size:15px;line-height:1;max-width:95%}.elementor-widget-divider .elementor-divider__element{margin:0 var(--divider-element-spacing);-ms-flex-negative:0;flex-shrink:0}.elementor-widget-divider .elementor-icon{font-size:var(--divider-icon-size)}.elementor-widget-divider .elementor-divider-separator{display:-webkit-box;display:-ms-flexbox;display:flex;margin:0;direction:ltr}.elementor-widget-divider--view-line_icon .elementor-divider-separator,.elementor-widget-divider--view-line_text .elementor-divider-separator{-webkit-box-align:center;-ms-flex-align:center;align-items:center}.elementor-widget-divider--view-line_icon .elementor-divider-separator:after,.elementor-widget-divider--view-line_icon .elementor-divider-separator:before,.elementor-widget-divider--view-line_text .elementor-divider-separator:after,.elementor-widget-divider--view-line_text .elementor-divider-separator:before{display:block;content:\"\";border-bottom:0;-webkit-box-flex:1;-ms-flex-positive:1;flex-grow:1;border-top:var(--divider-border-width) var(--divider-border-style) var(--divider-color)}.elementor-widget-divider--element-align-left .elementor-divider .elementor-divider-separator>.elementor-divider__svg:first-of-type{-webkit-box-flex:0;-ms-flex-positive:0;flex-grow:0;-ms-flex-negative:100;flex-shrink:100}.elementor-widget-divider--element-align-left .elementor-divider-separator:before{content:none}.elementor-widget-divider--element-align-left .elementor-divider__element{margin-left:0}.elementor-widget-divider--element-align-right .elementor-divider .elementor-divider-separator>.elementor-divider__svg:last-of-type{-webkit-box-flex:0;-ms-flex-positive:0;flex-grow:0;-ms-flex-negative:100;flex-shrink:100}.elementor-widget-divider--element-align-right .elementor-divider-separator:after{content:none}.elementor-widget-divider--element-align-right .elementor-divider__element{margin-right:0}.elementor-widget-divider:not(.elementor-widget-divider--view-line_text):not(.elementor-widget-divider--view-line_icon) .elementor-divider-separator{border-top:var(--divider-border-width) var(--divider-border-style) var(--divider-color)}.elementor-widget-divider--separator-type-pattern{--divider-border-style:none}.elementor-widget-divider--separator-type-pattern.elementor-widget-divider--view-line .elementor-divider-separator,.elementor-widget-divider--separator-type-pattern:not(.elementor-widget-divider--view-line) .elementor-divider-separator:after,.elementor-widget-divider--separator-type-pattern:not(.elementor-widget-divider--view-line) .elementor-divider-separator:before,.elementor-widget-divider--separator-type-pattern:not([class*=elementor-widget-divider--view]) .elementor-divider-separator{width:100%;min-height:var(--divider-pattern-height);-webkit-mask-size:var(--divider-pattern-size) 100%;mask-size:var(--divider-pattern-size) 100%;-webkit-mask-repeat:var(--divider-pattern-repeat);mask-repeat:var(--divider-pattern-repeat);background-color:var(--divider-color);-webkit-mask-image:var(--divider-pattern-url);mask-image:var(--divider-pattern-url)}.elementor-widget-divider--no-spacing{--divider-pattern-size:auto}.elementor-widget-divider--bg-round{--divider-pattern-repeat:round}.rtl .elementor-widget-divider .elementor-divider__text{direction:rtl}<\/style>\t\t<div class=\"elementor-divider\">\n\t\t\t<span class=\"elementor-divider-separator\">\n\t\t\t\t\t\t<\/span>\n\t\t<\/div>\n\t\t\t\t<\/div>\n\t\t\t\t<\/div>\n\t\t\t\t\t<\/div>\n\t\t<\/div>\n\t\t\t\t\t\t\t<\/div>\n\t\t<\/section>\n\t\t\t\t<section class=\"elementor-section elementor-top-section elementor-element elementor-element-f415a64 elementor-section-boxed elementor-section-height-default elementor-section-height-default\" data-id=\"f415a64\" data-element_type=\"section\" data-settings=\"{&quot;background_background&quot;:&quot;classic&quot;}\">\n\t\t\t\t\t\t<div class=\"elementor-container elementor-column-gap-default\">\n\t\t\t\t\t<div class=\"elementor-column elementor-col-33 elementor-top-column elementor-element elementor-element-2fc7dfa\" data-id=\"2fc7dfa\" data-element_type=\"column\" data-settings=\"{&quot;background_background&quot;:&quot;classic&quot;}\">\n\t\t\t<div class=\"elementor-widget-wrap elementor-element-populated\">\n\t\t\t\t\t\t\t\t<div class=\"elementor-element elementor-element-40d8931 elementor-widget elementor-widget-image\" data-id=\"40d8931\" data-element_type=\"widget\" data-widget_type=\"image.default\">\n\t\t\t\t<div class=\"elementor-widget-container\">\n\t\t\t<style>\/*! elementor - v3.6.5 - 27-04-2022 *\/\n.elementor-widget-image{text-align:center}.elementor-widget-image a{display:inline-block}.elementor-widget-image a img[src$=\".svg\"]{width:48px}.elementor-widget-image img{vertical-align:middle;display:inline-block}<\/style>\t\t\t\t\t\t\t\t\t\t\t\t<img loading=\"lazy\" decoding=\"async\" width=\"531\" height=\"518\" src=\"https:\/\/atyourdoor.pt\/wp-content\/uploads\/2022\/07\/food-13549.png\" class=\"attachment-medium_large size-medium_large\" alt=\"\" srcset=\"https:\/\/atyourdoor.pt\/wp-content\/uploads\/2022\/07\/food-13549.png 531w, https:\/\/atyourdoor.pt\/wp-content\/uploads\/2022\/07\/food-13549-300x293.png 300w\" sizes=\"auto, (max-width: 531px) 100vw, 531px\" \/>\t\t\t\t\t\t\t\t\t\t\t\t\t\t\t<\/div>\n\t\t\t\t<\/div>\n\t\t\t\t\t<\/div>\n\t\t<\/div>\n\t\t\t\t<div class=\"elementor-column elementor-col-66 elementor-top-column elementor-element elementor-element-65a0a2d\" data-id=\"65a0a2d\" data-element_type=\"column\" data-settings=\"{&quot;background_background&quot;:&quot;classic&quot;}\">\n\t\t\t<div class=\"elementor-widget-wrap elementor-element-populated\">\n\t\t\t\t\t\t\t\t<div class=\"elementor-element elementor-element-8529da3 elementor-widget elementor-widget-heading\" data-id=\"8529da3\" data-element_type=\"widget\" data-widget_type=\"heading.default\">\n\t\t\t\t<div class=\"elementor-widget-container\">\n\t\t\t<h3 class=\"elementor-heading-title elementor-size-default\">um evento at your door<\/h3>\t\t<\/div>\n\t\t\t\t<\/div>\n\t\t\t\t<div class=\"elementor-element elementor-element-63f7d9e elementor-widget elementor-widget-text-editor\" data-id=\"63f7d9e\" data-element_type=\"widget\" data-widget_type=\"text-editor.default\">\n\t\t\t\t<div class=\"elementor-widget-container\">\n\t\t\t<style>\/*! elementor - v3.6.5 - 27-04-2022 *\/\n.elementor-widget-text-editor.elementor-drop-cap-view-stacked .elementor-drop-cap{background-color:#818a91;color:#fff}.elementor-widget-text-editor.elementor-drop-cap-view-framed .elementor-drop-cap{color:#818a91;border:3px solid;background-color:transparent}.elementor-widget-text-editor:not(.elementor-drop-cap-view-default) .elementor-drop-cap{margin-top:8px}.elementor-widget-text-editor:not(.elementor-drop-cap-view-default) .elementor-drop-cap-letter{width:1em;height:1em}.elementor-widget-text-editor .elementor-drop-cap{float:left;text-align:center;line-height:1;font-size:50px}.elementor-widget-text-editor .elementor-drop-cap-letter{display:inline-block}<\/style>\t\t\t\t<p class=\"wnd-align-center\"><span class=\"wnd-font-size-130\">Trabalhamos com v\u00e1rias empresas \u00e0s quais\u00a0<\/span><span class=\"wnd-font-size-130\">fornecemos diariamente sopas, tartes, bolas, salgados doces, refei\u00e7\u00f5es.\u00a0<\/span><\/p><p class=\"wnd-align-center\"><span class=\"wnd-font-size-130\">Tratamos do seu Coffee Break, do seu Coffee Station, das suas Refei\u00e7\u00f5es de trabalho ou fornecemos a sua Cantina<\/span><\/p><p>\u00a0<\/p>\t\t\t\t\t\t<\/div>\n\t\t\t\t<\/div>\n\t\t\t\t\t<\/div>\n\t\t<\/div>\n\t\t\t\t\t\t\t<\/div>\n\t\t<\/section>\n\t\t\t\t<section class=\"elementor-section elementor-top-section elementor-element elementor-element-61935ea2 elementor-section-content-top elementor-section-boxed elementor-section-height-default elementor-section-height-default\" data-id=\"61935ea2\" data-element_type=\"section\" data-settings=\"{&quot;background_background&quot;:&quot;classic&quot;}\">\n\t\t\t\t\t\t\t<div class=\"elementor-background-overlay\"><\/div>\n\t\t\t\t\t\t\t<div class=\"elementor-container elementor-column-gap-no\">\n\t\t\t\t\t<div class=\"elementor-column elementor-col-100 elementor-top-column elementor-element elementor-element-692ac618\" data-id=\"692ac618\" data-element_type=\"column\" data-settings=\"{&quot;background_background&quot;:&quot;classic&quot;}\">\n\t\t\t<div class=\"elementor-widget-wrap elementor-element-populated\">\n\t\t\t\t\t\t\t\t<div class=\"elementor-element elementor-element-e012fae elementor-widget-divider--view-line elementor-widget elementor-widget-divider\" data-id=\"e012fae\" data-element_type=\"widget\" data-widget_type=\"divider.default\">\n\t\t\t\t<div class=\"elementor-widget-container\">\n\t\t\t\t\t<div class=\"elementor-divider\">\n\t\t\t<span class=\"elementor-divider-separator\">\n\t\t\t\t\t\t<\/span>\n\t\t<\/div>\n\t\t\t\t<\/div>\n\t\t\t\t<\/div>\n\t\t\t\t<div class=\"elementor-element elementor-element-5b6525b8 elementor-widget elementor-widget-heading\" data-id=\"5b6525b8\" data-element_type=\"widget\" data-widget_type=\"heading.default\">\n\t\t\t\t<div class=\"elementor-widget-container\">\n\t\t\t<h2 class=\"elementor-heading-title elementor-size-default\">Conte-nos a sua ideia<\/h2>\t\t<\/div>\n\t\t\t\t<\/div>\n\t\t\t\t<div class=\"elementor-element elementor-element-4076b05 elementor-widget elementor-widget-text-editor\" data-id=\"4076b05\" data-element_type=\"widget\" data-widget_type=\"text-editor.default\">\n\t\t\t\t<div class=\"elementor-widget-container\">\n\t\t\t\t\t\t\t<p>Que nos fazemos um or\u00e7amento<\/p>\t\t\t\t\t\t<\/div>\n\t\t\t\t<\/div>\n\t\t\t\t<div class=\"elementor-element elementor-element-13cec17 elementor-widget elementor-widget-shortcode\" data-id=\"13cec17\" data-element_type=\"widget\" data-widget_type=\"shortcode.default\">\n\t\t\t\t<div class=\"elementor-widget-container\">\n\t\t\t\t\t<div class=\"elementor-shortcode\"><div class=\"wpforms-container \" id=\"wpforms-718\"><form id=\"wpforms-form-718\" class=\"wpforms-validate wpforms-form\" data-formid=\"718\" method=\"post\" enctype=\"multipart\/form-data\" action=\"\/index.php\/wp-json\/wp\/v2\/pages\/39\" data-token=\"2745636a89077c28f69702910032ad14\"><noscript class=\"wpforms-error-noscript\">Please enable JavaScript in your browser to complete this form.<\/noscript><div class=\"wpforms-field-container\"><div id=\"wpforms-718-field_7-container\" class=\"wpforms-field wpforms-field-radio wpforms-list-2-columns\" data-field-id=\"7\"><ul id=\"wpforms-718-field_7\" class=\"wpforms-field-required\"><li class=\"choice-1 depth-1\"><input type=\"radio\" id=\"wpforms-718-field_7_1\" name=\"wpforms[fields][7]\" value=\"Evento Particular\" required ><label class=\"wpforms-field-label-inline\" for=\"wpforms-718-field_7_1\">Evento Particular<\/label><\/li><li class=\"choice-2 depth-1\"><input type=\"radio\" id=\"wpforms-718-field_7_2\" name=\"wpforms[fields][7]\" value=\"Empresa\" required ><label class=\"wpforms-field-label-inline\" for=\"wpforms-718-field_7_2\">Empresa<\/label><\/li><\/ul><\/div><div id=\"wpforms-718-field_0-container\" class=\"wpforms-field wpforms-field-name\" data-field-id=\"0\"><label class=\"wpforms-field-label wpforms-label-hide\" for=\"wpforms-718-field_0\">Nome <span class=\"wpforms-required-label\">*<\/span><\/label><input type=\"text\" id=\"wpforms-718-field_0\" class=\"wpforms-field-large wpforms-field-required\" name=\"wpforms[fields][0]\" placeholder=\"Nome\" required><\/div><div id=\"wpforms-718-field_1-container\" class=\"wpforms-field wpforms-field-email\" data-field-id=\"1\"><label class=\"wpforms-field-label wpforms-label-hide\" for=\"wpforms-718-field_1\">Email <span class=\"wpforms-required-label\">*<\/span><\/label><input type=\"email\" id=\"wpforms-718-field_1\" class=\"wpforms-field-large wpforms-field-required\" name=\"wpforms[fields][1]\" placeholder=\"Email\" required><\/div><div id=\"wpforms-718-field_11-container\" class=\"wpforms-field wpforms-field-select wpforms-field-select-style-classic\" data-field-id=\"11\"><label class=\"wpforms-field-label\" for=\"wpforms-718-field_11\">N\u00ba de Pessoas<\/label><select id=\"wpforms-718-field_11\" class=\"wpforms-field-medium\" name=\"wpforms[fields][11]\"><option value=\"At\u00e9 10\" >At\u00e9 10<\/option><option value=\"Entre 10 e 20\" >Entre 10 e 20<\/option><option value=\"Entre 20 e 30 \" >Entre 20 e 30 <\/option><option value=\"Mais que 30\" >Mais que 30<\/option><\/select><\/div><div id=\"wpforms-718-field_2-container\" class=\"wpforms-field wpforms-field-textarea\" data-field-id=\"2\"><label class=\"wpforms-field-label wpforms-label-hide\" for=\"wpforms-718-field_2\">O seu pedido  <span class=\"wpforms-required-label\">*<\/span><\/label><textarea id=\"wpforms-718-field_2\" class=\"wpforms-field-medium wpforms-field-required\" name=\"wpforms[fields][2]\" placeholder=\"O seu pedido\" required><\/textarea><\/div><\/div><div class=\"wpforms-field wpforms-field-hp\"><label for=\"wpforms-718-field-hp\" class=\"wpforms-field-label\">Message<\/label><input type=\"text\" name=\"wpforms[hp]\" id=\"wpforms-718-field-hp\" class=\"wpforms-field-medium\"><\/div><div class=\"wpforms-submit-container\"><input type=\"hidden\" name=\"wpforms[id]\" value=\"718\"><input type=\"hidden\" name=\"wpforms[author]\" value=\"1\"><button type=\"submit\" name=\"wpforms[submit]\" id=\"wpforms-submit-718\" class=\"wpforms-submit\" data-alt-text=\"A enviar...\" data-submit-text=\"Enviar \" aria-live=\"assertive\" value=\"wpforms-submit\">Enviar <\/button><\/div><\/form><\/div>  <!-- .wpforms-container --><\/div>\n\t\t\t\t<\/div>\n\t\t\t\t<\/div>\n\t\t\t\t\t<\/div>\n\t\t<\/div>\n\t\t\t\t\t\t\t<\/div>\n\t\t<\/section>\n\t\t\t\t\t\t\t<\/div>\n\t\t","protected":false},"excerpt":{"rendered":"<p>Empresas &amp; Eventos um evento at your door Trabalhamos com v\u00e1rias empresas \u00e0s quais&nbsp;fornecemos diariamente sopas, tartes, bolas, salgados doces, refei\u00e7\u00f5es.&nbsp; Tratamos do seu Coffee Break, do seu Coffee Station, das suas Refei\u00e7\u00f5es de trabalho ou fornecemos a sua Cantina Conte-nos a sua ideia Que nos fazemos um or\u00e7amento<\/p>\n","protected":false},"author":1,"featured_media":0,"parent":0,"menu_order":0,"comment_status":"closed","ping_status":"closed","template":"","meta":{"site-sidebar-layout":"no-sidebar","site-content-layout":"page-builder","ast-global-header-display":"","ast-main-header-display":"","ast-hfb-above-header-display":"","ast-hfb-below-header-display":"","ast-hfb-mobile-header-display":"","site-post-title":"disabled","ast-breadcrumbs-content":"","ast-featured-img":"disabled","footer-sml-layout":"","theme-transparent-header-meta":"","adv-header-id-meta":"","stick-header-meta":"","header-above-stick-meta":"","header-main-stick-meta":"","header-below-stick-meta":"","footnotes":""},"class_list":["post-39","page","type-page","status-publish","hentry"],"yoast_head":"<!-- This site is optimized with the Yoast SEO plugin v19.0 - https:\/\/yoast.com\/wordpress\/plugins\/seo\/ -->\n<title>Empresas e Eventos - At Your Door<\/title>\n<meta name=\"robots\" content=\"index, follow, max-snippet:-1, max-image-preview:large, max-video-preview:-1\" \/>\n<link rel=\"canonical\" href=\"https:\/\/atyourdoor.pt\/index.php\/contacto\/\" \/>\n<meta property=\"og:locale\" content=\"en_US\" \/>\n<meta property=\"og:type\" content=\"article\" \/>\n<meta property=\"og:title\" content=\"Empresas e Eventos - At Your Door\" \/>\n<meta property=\"og:description\" content=\"Empresas &amp; Eventos um evento at your door Trabalhamos com v\u00e1rias empresas \u00e0s quais&nbsp;fornecemos diariamente sopas, tartes, bolas, salgados doces, refei\u00e7\u00f5es.&nbsp; Tratamos do seu Coffee Break, do seu Coffee Station, das suas Refei\u00e7\u00f5es de trabalho ou fornecemos a sua Cantina Conte-nos a sua ideia Que nos fazemos um or\u00e7amento\" \/>\n<meta property=\"og:url\" content=\"https:\/\/atyourdoor.pt\/index.php\/contacto\/\" \/>\n<meta property=\"og:site_name\" content=\"At Your Door\" \/>\n<meta property=\"article:publisher\" content=\"https:\/\/facebook\/atyourdoorentregas\" \/>\n<meta property=\"article:modified_time\" content=\"2022-07-12T17:46:06+00:00\" \/>\n<meta property=\"og:image\" content=\"https:\/\/atyourdoor.pt\/wp-content\/uploads\/2022\/07\/food-13549.png\" \/>\n<meta name=\"twitter:card\" content=\"summary_large_image\" \/>\n<meta name=\"twitter:label1\" content=\"Est. reading time\" \/>\n\t<meta name=\"twitter:data1\" content=\"1 minute\" \/>\n<script type=\"application\/ld+json\" class=\"yoast-schema-graph\">{\"@context\":\"https:\/\/schema.org\",\"@graph\":[{\"@type\":\"Organization\",\"@id\":\"https:\/\/atyourdoor.pt\/#organization\",\"name\":\"At Your Door\",\"url\":\"https:\/\/atyourdoor.pt\/\",\"sameAs\":[\"https:\/\/facebook\/atyourdoorentregas\"],\"logo\":{\"@type\":\"ImageObject\",\"inLanguage\":\"en-US\",\"@id\":\"https:\/\/atyourdoor.pt\/#\/schema\/logo\/image\/\",\"url\":\"https:\/\/atyourdoor.pt\/wp-content\/uploads\/2022\/05\/at-your-door-LOGO.jpeg\",\"contentUrl\":\"https:\/\/atyourdoor.pt\/wp-content\/uploads\/2022\/05\/at-your-door-LOGO.jpeg\",\"width\":1533,\"height\":697,\"caption\":\"At Your Door\"},\"image\":{\"@id\":\"https:\/\/atyourdoor.pt\/#\/schema\/logo\/image\/\"}},{\"@type\":\"WebSite\",\"@id\":\"https:\/\/atyourdoor.pt\/#website\",\"url\":\"https:\/\/atyourdoor.pt\/\",\"name\":\"At Your Door\",\"description\":\"Refei\u00e7\u00f5es Caseiras\",\"publisher\":{\"@id\":\"https:\/\/atyourdoor.pt\/#organization\"},\"potentialAction\":[{\"@type\":\"SearchAction\",\"target\":{\"@type\":\"EntryPoint\",\"urlTemplate\":\"https:\/\/atyourdoor.pt\/?s={search_term_string}\"},\"query-input\":\"required name=search_term_string\"}],\"inLanguage\":\"en-US\"},{\"@type\":\"ImageObject\",\"inLanguage\":\"en-US\",\"@id\":\"https:\/\/atyourdoor.pt\/index.php\/contacto\/#primaryimage\",\"url\":\"https:\/\/atyourdoor.pt\/wp-content\/uploads\/2022\/07\/food-13549.png\",\"contentUrl\":\"https:\/\/atyourdoor.pt\/wp-content\/uploads\/2022\/07\/food-13549.png\",\"width\":531,\"height\":518},{\"@type\":\"WebPage\",\"@id\":\"https:\/\/atyourdoor.pt\/index.php\/contacto\/#webpage\",\"url\":\"https:\/\/atyourdoor.pt\/index.php\/contacto\/\",\"name\":\"Empresas e Eventos - At Your Door\",\"isPartOf\":{\"@id\":\"https:\/\/atyourdoor.pt\/#website\"},\"primaryImageOfPage\":{\"@id\":\"https:\/\/atyourdoor.pt\/index.php\/contacto\/#primaryimage\"},\"datePublished\":\"2018-05-14T10:22:47+00:00\",\"dateModified\":\"2022-07-12T17:46:06+00:00\",\"breadcrumb\":{\"@id\":\"https:\/\/atyourdoor.pt\/index.php\/contacto\/#breadcrumb\"},\"inLanguage\":\"en-US\",\"potentialAction\":[{\"@type\":\"ReadAction\",\"target\":[\"https:\/\/atyourdoor.pt\/index.php\/contacto\/\"]}]},{\"@type\":\"BreadcrumbList\",\"@id\":\"https:\/\/atyourdoor.pt\/index.php\/contacto\/#breadcrumb\",\"itemListElement\":[{\"@type\":\"ListItem\",\"position\":1,\"name\":\"Home\",\"item\":\"https:\/\/atyourdoor.pt\/\"},{\"@type\":\"ListItem\",\"position\":2,\"name\":\"Empresas e Eventos\"}]}]}<\/script>\n<!-- \/ Yoast SEO plugin. -->","yoast_head_json":{"title":"Empresas e Eventos - At Your Door","robots":{"index":"index","follow":"follow","max-snippet":"max-snippet:-1","max-image-preview":"max-image-preview:large","max-video-preview":"max-video-preview:-1"},"canonical":"https:\/\/atyourdoor.pt\/index.php\/contacto\/","og_locale":"en_US","og_type":"article","og_title":"Empresas e Eventos - At Your Door","og_description":"Empresas &amp; Eventos um evento at your door Trabalhamos com v\u00e1rias empresas \u00e0s quais&nbsp;fornecemos diariamente sopas, tartes, bolas, salgados doces, refei\u00e7\u00f5es.&nbsp; Tratamos do seu Coffee Break, do seu Coffee Station, das suas Refei\u00e7\u00f5es de trabalho ou fornecemos a sua Cantina Conte-nos a sua ideia Que nos fazemos um or\u00e7amento","og_url":"https:\/\/atyourdoor.pt\/index.php\/contacto\/","og_site_name":"At Your Door","article_publisher":"https:\/\/facebook\/atyourdoorentregas","article_modified_time":"2022-07-12T17:46:06+00:00","og_image":[{"url":"https:\/\/atyourdoor.pt\/wp-content\/uploads\/2022\/07\/food-13549.png"}],"twitter_card":"summary_large_image","twitter_misc":{"Est. reading time":"1 minute"},"schema":{"@context":"https:\/\/schema.org","@graph":[{"@type":"Organization","@id":"https:\/\/atyourdoor.pt\/#organization","name":"At Your Door","url":"https:\/\/atyourdoor.pt\/","sameAs":["https:\/\/facebook\/atyourdoorentregas"],"logo":{"@type":"ImageObject","inLanguage":"en-US","@id":"https:\/\/atyourdoor.pt\/#\/schema\/logo\/image\/","url":"https:\/\/atyourdoor.pt\/wp-content\/uploads\/2022\/05\/at-your-door-LOGO.jpeg","contentUrl":"https:\/\/atyourdoor.pt\/wp-content\/uploads\/2022\/05\/at-your-door-LOGO.jpeg","width":1533,"height":697,"caption":"At Your Door"},"image":{"@id":"https:\/\/atyourdoor.pt\/#\/schema\/logo\/image\/"}},{"@type":"WebSite","@id":"https:\/\/atyourdoor.pt\/#website","url":"https:\/\/atyourdoor.pt\/","name":"At Your Door","description":"Refei\u00e7\u00f5es Caseiras","publisher":{"@id":"https:\/\/atyourdoor.pt\/#organization"},"potentialAction":[{"@type":"SearchAction","target":{"@type":"EntryPoint","urlTemplate":"https:\/\/atyourdoor.pt\/?s={search_term_string}"},"query-input":"required name=search_term_string"}],"inLanguage":"en-US"},{"@type":"ImageObject","inLanguage":"en-US","@id":"https:\/\/atyourdoor.pt\/index.php\/contacto\/#primaryimage","url":"https:\/\/atyourdoor.pt\/wp-content\/uploads\/2022\/07\/food-13549.png","contentUrl":"https:\/\/atyourdoor.pt\/wp-content\/uploads\/2022\/07\/food-13549.png","width":531,"height":518},{"@type":"WebPage","@id":"https:\/\/atyourdoor.pt\/index.php\/contacto\/#webpage","url":"https:\/\/atyourdoor.pt\/index.php\/contacto\/","name":"Empresas e Eventos - At Your Door","isPartOf":{"@id":"https:\/\/atyourdoor.pt\/#website"},"primaryImageOfPage":{"@id":"https:\/\/atyourdoor.pt\/index.php\/contacto\/#primaryimage"},"datePublished":"2018-05-14T10:22:47+00:00","dateModified":"2022-07-12T17:46:06+00:00","breadcrumb":{"@id":"https:\/\/atyourdoor.pt\/index.php\/contacto\/#breadcrumb"},"inLanguage":"en-US","potentialAction":[{"@type":"ReadAction","target":["https:\/\/atyourdoor.pt\/index.php\/contacto\/"]}]},{"@type":"BreadcrumbList","@id":"https:\/\/atyourdoor.pt\/index.php\/contacto\/#breadcrumb","itemListElement":[{"@type":"ListItem","position":1,"name":"Home","item":"https:\/\/atyourdoor.pt\/"},{"@type":"ListItem","position":2,"name":"Empresas e Eventos"}]}]}},"_links":{"self":[{"href":"https:\/\/atyourdoor.pt\/index.php\/wp-json\/wp\/v2\/pages\/39","targetHints":{"allow":["GET"]}}],"collection":[{"href":"https:\/\/atyourdoor.pt\/index.php\/wp-json\/wp\/v2\/pages"}],"about":[{"href":"https:\/\/atyourdoor.pt\/index.php\/wp-json\/wp\/v2\/types\/page"}],"author":[{"embeddable":true,"href":"https:\/\/atyourdoor.pt\/index.php\/wp-json\/wp\/v2\/users\/1"}],"replies":[{"embeddable":true,"href":"https:\/\/atyourdoor.pt\/index.php\/wp-json\/wp\/v2\/comments?post=39"}],"version-history":[{"count":18,"href":"https:\/\/atyourdoor.pt\/index.php\/wp-json\/wp\/v2\/pages\/39\/revisions"}],"predecessor-version":[{"id":858,"href":"https:\/\/atyourdoor.pt\/index.php\/wp-json\/wp\/v2\/pages\/39\/revisions\/858"}],"wp:attachment":[{"href":"https:\/\/atyourdoor.pt\/index.php\/wp-json\/wp\/v2\/media?parent=39"}],"curies":[{"name":"wp","href":"https:\/\/api.w.org\/{rel}","templated":true}]}}